{"id":9630,"date":"2025-07-31T13:18:54","date_gmt":"2025-07-31T13:18:54","guid":{"rendered":"https:\/\/hypewear.store\/?post_type=product&#038;p=9630"},"modified":"2026-03-26T09:58:02","modified_gmt":"2026-03-26T09:58:02","slug":"maison-margiela-tabis-loafer","status":"publish","type":"product","link":"https:\/\/hypewear.store\/ar\/product\/maison-margiela-tabis-loafer\/","title":{"rendered":"maison margiela tabis loafer"},"content":{"rendered":"<p>Sur commende seulement \u2705 Ce produit vas prendre 10 jours pour \u00eatre livr\u00e9 apr\u00e8s un payment<\/p>\n<p dir=\"rtl\">\u0644\u0644\u0637\u0644\u0628 \u0641\u0642\u0637 \u2705 \u0633\u064a\u0633\u062a\u063a\u0631\u0642 \u062a\u0633\u0644\u064a\u0645 \u0647\u0630\u0627 \u0627\u0644\u0645\u0646\u062a\u062c 10 \u0623\u064a\u0627\u0645 \u0628\u0639\u062f \u0627\u0644\u062f\u0641\u0639<\/p>","protected":false},"excerpt":{"rendered":"<p>Sur commende seulement \u2705 Ce produit vas prendre 10 jours pour \u00eatre livr\u00e9 apr\u00e8s un payment \u0644\u0644\u0637\u0644\u0628 \u0641\u0642\u0637 \u2705 \u0633\u064a\u0633\u062a\u063a\u0631\u0642 \u062a\u0633\u0644\u064a\u0645 \u0647\u0630\u0627 \u0627\u0644\u0645\u0646\u062a\u062c 10 \u0623\u064a\u0627\u0645 \u0628\u0639\u062f \u0627\u0644\u062f\u0641\u0639<\/p>","protected":false},"featured_media":9631,"template":"","meta":[],"pwb-brand":[],"product_brand":[],"product_cat":[281],"product_tag":[],"class_list":{"0":"post-9630","1":"product","2":"type-product","3":"status-publish","4":"has-post-thumbnail","6":"product_cat-boots","8":"first","9":"outofstock","10":"shipping-taxable","11":"product-type-variable"},"aioseo_notices":[],"brands":[],"_links":{"self":[{"href":"https:\/\/hypewear.store\/ar\/wp-json\/wp\/v2\/product\/9630","targetHints":{"allow":["GET"]}}],"collection":[{"href":"https:\/\/hypewear.store\/ar\/wp-json\/wp\/v2\/product"}],"about":[{"href":"https:\/\/hypewear.store\/ar\/wp-json\/wp\/v2\/types\/product"}],"wp:featuredmedia":[{"embeddable":true,"href":"https:\/\/hypewear.store\/ar\/wp-json\/wp\/v2\/media\/9631"}],"wp:attachment":[{"href":"https:\/\/hypewear.store\/ar\/wp-json\/wp\/v2\/media?parent=9630"}],"wp:term":[{"taxonomy":"pwb-brand","embeddable":true,"href":"https:\/\/hypewear.store\/ar\/wp-json\/wp\/v2\/pwb-brand?post=9630"},{"taxonomy":"product_brand","embeddable":true,"href":"https:\/\/hypewear.store\/ar\/wp-json\/wp\/v2\/product_brand?post=9630"},{"taxonomy":"product_cat","embeddable":true,"href":"https:\/\/hypewear.store\/ar\/wp-json\/wp\/v2\/product_cat?post=9630"},{"taxonomy":"product_tag","embeddable":true,"href":"https:\/\/hypewear.store\/ar\/wp-json\/wp\/v2\/product_tag?post=9630"}],"curies":[{"name":"wp","href":"https:\/\/api.w.org\/{rel}","templated":true}]}}